{"id":1300,"date":"2014-10-16T13:17:31","date_gmt":"2014-10-16T11:17:31","guid":{"rendered":"https:\/\/tutima.com\/?page_id=1300"},"modified":"2019-05-14T18:10:12","modified_gmt":"2019-05-14T10:10:12","slug":"glashutte","status":"publish","type":"page","link":"https:\/\/tutima.com\/de\/glashutte\/","title":{"rendered":"Glash\u00fctte"},"content":{"rendered":"<h2>Eine neue Stunde Null&#8230;<\/h2>\n<p>&nbsp;<\/p>\n<p>und noch nicht einmal drei Jahre sp\u00e4ter, am 12. Mai 2011, pr\u00e4sentiert Tutima die Tutima HOMMAGE. Diese erste komplett von Tutima in Glash\u00fctte entwickelte und gefertigte Minutenrepetition ist in ihrer technischen Perfektion und Finesse eine Verbeugung vor dem Firmengr\u00fcnder Dr. Ernst Kurtz, die Uhrenliebhaber in aller Welt aufhorchen l\u00e4sst. Denn mit ihrem akustischen Zeitsignal l\u00e4utet die HOMMAGE eine neue \u00c4ra der Firmengeschichte ein. <\/p>\n<p>Mit der Saxon One, der Grand Flieger, der M2 und der Patria pr\u00e4sentiert die Marke der Fachwelt im April 2013 gleich vier komplett neue Uhrenfamilien, die eine Besonderheit haben: Sie bilden die erste wieder in Glash\u00fctte entstandene Tutima\u2010Kollektion nach 68 Jahren. Diese Uhren sind der Beweis: Auch ein Schritt zur\u00fcck kann in die Zukunft f\u00fchren.<\/p>\n","protected":false},"excerpt":{"rendered":"<p>Eine neue Stunde Null&#8230; &nbsp; und noch nicht einmal drei Jahre sp\u00e4ter, am 12. Mai 2011, pr\u00e4sentiert Tutima die Tutima HOMMAGE. Diese erste komplett von Tutima in Glash\u00fctte entwickelte und gefertigte Minutenrepetition ist in ihrer technischen Perfektion und Finesse eine Verbeugung vor dem Firmengr\u00fcnder Dr. Ernst Kurtz, die Uhrenliebhaber in aller Welt aufhorchen l\u00e4sst. Denn..<\/p>\n","protected":false},"author":2,"featured_media":0,"parent":0,"menu_order":0,"comment_status":"open","ping_status":"closed","template":"","meta":{"_acf_changed":false,"footnotes":""},"class_list":["post-1300","page","type-page","status-publish","hentry"],"acf":[],"_links":{"self":[{"href":"https:\/\/tutima.com\/de\/wp-json\/wp\/v2\/pages\/1300","targetHints":{"allow":["GET"]}}],"collection":[{"href":"https:\/\/tutima.com\/de\/wp-json\/wp\/v2\/pages"}],"about":[{"href":"https:\/\/tutima.com\/de\/wp-json\/wp\/v2\/types\/page"}],"author":[{"embeddable":true,"href":"https:\/\/tutima.com\/de\/wp-json\/wp\/v2\/users\/2"}],"replies":[{"embeddable":true,"href":"https:\/\/tutima.com\/de\/wp-json\/wp\/v2\/comments?post=1300"}],"version-history":[{"count":1,"href":"https:\/\/tutima.com\/de\/wp-json\/wp\/v2\/pages\/1300\/revisions"}],"predecessor-version":[{"id":36395,"href":"https:\/\/tutima.com\/de\/wp-json\/wp\/v2\/pages\/1300\/revisions\/36395"}],"wp:attachment":[{"href":"https:\/\/tutima.com\/de\/wp-json\/wp\/v2\/media?parent=1300"}],"curies":[{"name":"wp","href":"https:\/\/api.w.org\/{rel}","templated":true}]}}