{"id":1303,"date":"2014-10-16T13:22:20","date_gmt":"2014-10-16T11:22:20","guid":{"rendered":"https:\/\/tutima.com\/?page_id=1303"},"modified":"2014-10-29T04:42:35","modified_gmt":"2014-10-29T03:42:35","slug":"die-geburt-einer-marke","status":"publish","type":"page","link":"https:\/\/tutima.com\/de\/glashutte\/die-geburt-einer-marke\/","title":{"rendered":"Die Geburt einer Marke"},"content":{"rendered":"<p>Wir schreiben das Jahr 1927. In ganz Europa liegt Aufbruch in der Luft. Unz\u00e4hlige technische Neuerungen, junge K\u00fcnste wie der Film und die Fotografie, unerh\u00f6rte Musik wie Jazz machen aus dem Jahrzehnt die Golden Twenties. <!--more--><\/p>\n<p>Auch in Glashu\u0308tte, als Stadt der Uhren seit dem 19. Jahrhundert ein Ort von Weltrang, ist der Glaube an das Morgen spu\u0308rbar. Und so entstehen hier, mitten in der Krise, zwei Firmen: die Uhren-Rohwerke-Fabrik Glashu\u0308tte AG, UROFA, und die Uhrenfabrik Glashu\u0308tte AG, kurz UFAG. Beide werden von Dr. Ernst Kurtz gefu\u0308hrt, einem Juristen, der schnell erkennt, dass nicht der damals noch weit verbreiteten Taschenuhr, sondern vielmehr der Armbanduhr die Zukunft geho\u0308ren wird. Schnell brauchen seine besten Modelle den Vergleich auch mit den Schweizer Marken nicht zu scheuen. Wegen ihrer besonderen Halt- und Belastbarkeit erhalten sie den Titel \u201eTutima\u201c, abgeleitet vom lateinischen Wort fu\u0308r \u201esicher\u201c. Eine Marke ist geboren.<\/p>\n","protected":false},"excerpt":{"rendered":"<p>Wir schreiben das Jahr 1927. In ganz Europa liegt Aufbruch in der Luft. Unz\u00e4hlige technische Neuerungen, junge K\u00fcnste wie der Film und die Fotografie, unerh\u00f6rte Musik wie Jazz machen aus dem Jahrzehnt die Golden Twenties.<\/p>\n","protected":false},"author":2,"featured_media":2995,"parent":1300,"menu_order":1,"comment_status":"open","ping_status":"closed","template":"","meta":{"_acf_changed":false,"footnotes":""},"class_list":["post-1303","page","type-page","status-publish","has-post-thumbnail","hentry"],"acf":[],"_links":{"self":[{"href":"https:\/\/tutima.com\/de\/wp-json\/wp\/v2\/pages\/1303","targetHints":{"allow":["GET"]}}],"collection":[{"href":"https:\/\/tutima.com\/de\/wp-json\/wp\/v2\/pages"}],"about":[{"href":"https:\/\/tutima.com\/de\/wp-json\/wp\/v2\/types\/page"}],"author":[{"embeddable":true,"href":"https:\/\/tutima.com\/de\/wp-json\/wp\/v2\/users\/2"}],"replies":[{"embeddable":true,"href":"https:\/\/tutima.com\/de\/wp-json\/wp\/v2\/comments?post=1303"}],"version-history":[{"count":0,"href":"https:\/\/tutima.com\/de\/wp-json\/wp\/v2\/pages\/1303\/revisions"}],"up":[{"embeddable":true,"href":"https:\/\/tutima.com\/de\/wp-json\/wp\/v2\/pages\/1300"}],"wp:featuredmedia":[{"embeddable":true,"href":"https:\/\/tutima.com\/de\/wp-json\/wp\/v2\/media\/2995"}],"wp:attachment":[{"href":"https:\/\/tutima.com\/de\/wp-json\/wp\/v2\/media?parent=1303"}],"curies":[{"name":"wp","href":"https:\/\/api.w.org\/{rel}","templated":true}]}}