{"id":1306,"date":"2014-10-16T13:22:37","date_gmt":"2014-10-16T11:22:37","guid":{"rendered":"https:\/\/tutima.com\/?page_id=1306"},"modified":"2014-10-16T13:33:56","modified_gmt":"2014-10-16T11:33:56","slug":"die-erste-sachsische-ara","status":"publish","type":"page","link":"https:\/\/tutima.com\/de\/glashutte\/die-erste-sachsische-ara\/","title":{"rendered":"Die erste s\u00e4chsische \u00c4ra"},"content":{"rendered":"<p>Die rasante technische Entwicklung im fr\u00fchen 20. Jahrhundert f\u00f6rdert den Aufstieg der Armbanduhr. Wer ein Auto oder ein Flugzeug steuern muss, f\u00fcr den ist die M\u00f6glichkeit, die Zeit im Handumdrehen ablesen zu k\u00f6nnen, mitunter lebenswichtig. Speziell an Fliegeruhren werden noch einmal besonders hohe Anspr\u00fcche in Sachen Belastbarkeit, Benutzerfreundlichkeit und Genauigkeit gestellt. <!--more--><\/p>\n<p>Uhren der Marke Tutima erwerben sich dank ihrer \u00fcberlegenen Technik und Verarbeitung schnell einen ausgezeichneten Ruf \u2013 die Fliegerchronographen von 1941 werden legend\u00e4r. Doch nur vier Jahre sp\u00e4ter scheint Tutima vor dem Aus zu stehen. Ein verheerender Bombenangriff nur wenige Stunden vor Kriegsende zerst\u00f6rt das Werk, kurz darauf besetzen russische Truppen das Land. Aber Legenden sterben nicht so einfach.<\/p>\n","protected":false},"excerpt":{"rendered":"<p>Die rasante technische Entwicklung im fr\u00fchen 20. Jahrhundert f\u00f6rdert den Aufstieg der Armbanduhr. Wer ein Auto oder ein Flugzeug steuern muss, f\u00fcr den ist die M\u00f6glichkeit, die Zeit im Handumdrehen ablesen zu k\u00f6nnen, mitunter lebenswichtig. Speziell an Fliegeruhren werden noch einmal besonders hohe Anspr\u00fcche in Sachen Belastbarkeit, Benutzerfreundlichkeit und Genauigkeit gestellt.<\/p>\n","protected":false},"author":2,"featured_media":2991,"parent":1300,"menu_order":2,"comment_status":"open","ping_status":"closed","template":"","meta":{"_acf_changed":false,"footnotes":""},"class_list":["post-1306","page","type-page","status-publish","has-post-thumbnail","hentry"],"acf":[],"_links":{"self":[{"href":"https:\/\/tutima.com\/de\/wp-json\/wp\/v2\/pages\/1306","targetHints":{"allow":["GET"]}}],"collection":[{"href":"https:\/\/tutima.com\/de\/wp-json\/wp\/v2\/pages"}],"about":[{"href":"https:\/\/tutima.com\/de\/wp-json\/wp\/v2\/types\/page"}],"author":[{"embeddable":true,"href":"https:\/\/tutima.com\/de\/wp-json\/wp\/v2\/users\/2"}],"replies":[{"embeddable":true,"href":"https:\/\/tutima.com\/de\/wp-json\/wp\/v2\/comments?post=1306"}],"version-history":[{"count":0,"href":"https:\/\/tutima.com\/de\/wp-json\/wp\/v2\/pages\/1306\/revisions"}],"up":[{"embeddable":true,"href":"https:\/\/tutima.com\/de\/wp-json\/wp\/v2\/pages\/1300"}],"wp:featuredmedia":[{"embeddable":true,"href":"https:\/\/tutima.com\/de\/wp-json\/wp\/v2\/media\/2991"}],"wp:attachment":[{"href":"https:\/\/tutima.com\/de\/wp-json\/wp\/v2\/media?parent=1306"}],"curies":[{"name":"wp","href":"https:\/\/api.w.org\/{rel}","templated":true}]}}