{"id":1309,"date":"2014-10-03T07:58:04","date_gmt":"2014-10-03T05:58:04","guid":{"rendered":"https:\/\/tutima.com\/?page_id=1309"},"modified":"2014-10-29T03:20:36","modified_gmt":"2014-10-29T02:20:36","slug":"glashutte-child-3aus-sachsen-wird-niedersachsen","status":"publish","type":"page","link":"https:\/\/tutima.com\/de\/glashutte\/glashutte-child-3aus-sachsen-wird-niedersachsen\/","title":{"rendered":"Aus Sachsen wird Niedersachsen"},"content":{"rendered":"<p>1945 schl\u00e4gt f\u00fcr ganz Deutschland die Stunde Null. Doch mit Tatkraft, Unternehmergeist und Ideenreichtum schaffen die Menschen das Wirtschaftswunder. Dr. Kurtz ist es, wie auch einigen Mitarbeitern, kurz vor Kriegsende gelungen, sich in den Westen zu retten. <!--more--><\/p>\n<p>Gemeinsam bewahren sie die Ideale der Glash\u00fctter Uhrmacherkunst in der nieders\u00e4chsischen Gemeinde Ganderkesee: Handwerkliche Finesse, Innovationsgeist und das Wissen um die eigenen Wurzeln machen aus dem Neuanfang eine Erfolgsgeschichte, die seit den 1960er Jahren von Dieter Delecate entscheidend fortgeschrieben wird. Als der Tutima Military Chronograph Ref. 798 im Jahre 1984 zur offiziellen Pilotenuhr der NATO gew\u00e4hlt wird, ist die Marke endg\u00fcltig wieder da, wo sie hingeh\u00f6rt: oben.<\/p>\n","protected":false},"excerpt":{"rendered":"<p>1945 schl\u00e4gt f\u00fcr ganz Deutschland die Stunde Null. Doch mit Tatkraft, Unternehmergeist und Ideenreichtum schaffen die Menschen das Wirtschaftswunder. Dr. Kurtz ist es, wie auch einigen Mitarbeitern, kurz vor Kriegsende gelungen, sich in den Westen zu retten.<\/p>\n","protected":false},"author":2,"featured_media":2996,"parent":1300,"menu_order":3,"comment_status":"open","ping_status":"closed","template":"","meta":{"_acf_changed":false,"footnotes":""},"class_list":["post-1309","page","type-page","status-publish","has-post-thumbnail","hentry"],"acf":[],"_links":{"self":[{"href":"https:\/\/tutima.com\/de\/wp-json\/wp\/v2\/pages\/1309","targetHints":{"allow":["GET"]}}],"collection":[{"href":"https:\/\/tutima.com\/de\/wp-json\/wp\/v2\/pages"}],"about":[{"href":"https:\/\/tutima.com\/de\/wp-json\/wp\/v2\/types\/page"}],"author":[{"embeddable":true,"href":"https:\/\/tutima.com\/de\/wp-json\/wp\/v2\/users\/2"}],"replies":[{"embeddable":true,"href":"https:\/\/tutima.com\/de\/wp-json\/wp\/v2\/comments?post=1309"}],"version-history":[{"count":0,"href":"https:\/\/tutima.com\/de\/wp-json\/wp\/v2\/pages\/1309\/revisions"}],"up":[{"embeddable":true,"href":"https:\/\/tutima.com\/de\/wp-json\/wp\/v2\/pages\/1300"}],"wp:featuredmedia":[{"embeddable":true,"href":"https:\/\/tutima.com\/de\/wp-json\/wp\/v2\/media\/2996"}],"wp:attachment":[{"href":"https:\/\/tutima.com\/de\/wp-json\/wp\/v2\/media?parent=1309"}],"curies":[{"name":"wp","href":"https:\/\/api.w.org\/{rel}","templated":true}]}}