{"id":1312,"date":"2014-10-16T13:23:09","date_gmt":"2014-10-16T11:23:09","guid":{"rendered":"https:\/\/tutima.com\/?page_id=1312"},"modified":"2015-12-04T11:41:09","modified_gmt":"2015-12-04T10:41:09","slug":"der-kreis-beginnt-sich-zu-schliessen","status":"publish","type":"page","link":"https:\/\/tutima.com\/de\/glashutte\/der-kreis-beginnt-sich-zu-schliessen\/","title":{"rendered":"Der Kreis beginnt sich zu schlie\u00dfen"},"content":{"rendered":"<p>Als der Eiserne Vorhang f\u00e4llt und Deutschland nach Jahrzehnten der Trennung wieder vereint ist, reift in Dieter Delecate der Plan zur Heimkehr nach Glash\u00fctte. Doch im Gegensatz zu anderen s\u00e4chsischen Traditionsmarken ist Tutima in der westdeutschen Heimat l\u00e4ngst etabliert. Ein schneller Umzug ist daher keine Option. Und so entsteht das neue Werk in Glash\u00fctte zun\u00e4chst parallel zum Standort Ganderkesee, wo mit der Grand Classic Alpha noch 2008 ein weiterer Meilenstein geschaffen wird. <!--more--><\/p>\n<p>Zur selben Zeit nimmt in der fr\u00fcheren Bahnhofsmeisterei von Glash\u00fctte, in unmittelbarer N\u00e4he zur historischen Manufaktur gelegen, die neue Heimat der Marke Gestalt an. Als die neue Manufaktur am 14. Mai 2008 den Betrieb aufnimmt, beginnt sich der Kreis zu schlie\u00dfen.<\/p>\n","protected":false},"excerpt":{"rendered":"<p>Als der Eiserne Vorhang f\u00e4llt und Deutschland nach Jahrzehnten der Trennung wieder vereint ist, reift in Dieter Delecate der Plan zur Heimkehr nach Glash\u00fctte. Doch im Gegensatz zu anderen s\u00e4chsischen Traditionsmarken ist Tutima in der westdeutschen Heimat l\u00e4ngst etabliert. Ein schneller Umzug ist daher keine Option. Und so entsteht das neue Werk in Glash\u00fctte zun\u00e4chst..<\/p>\n","protected":false},"author":2,"featured_media":4806,"parent":1300,"menu_order":4,"comment_status":"open","ping_status":"closed","template":"","meta":{"_acf_changed":false,"footnotes":""},"class_list":["post-1312","page","type-page","status-publish","has-post-thumbnail","hentry"],"acf":[],"_links":{"self":[{"href":"https:\/\/tutima.com\/de\/wp-json\/wp\/v2\/pages\/1312","targetHints":{"allow":["GET"]}}],"collection":[{"href":"https:\/\/tutima.com\/de\/wp-json\/wp\/v2\/pages"}],"about":[{"href":"https:\/\/tutima.com\/de\/wp-json\/wp\/v2\/types\/page"}],"author":[{"embeddable":true,"href":"https:\/\/tutima.com\/de\/wp-json\/wp\/v2\/users\/2"}],"replies":[{"embeddable":true,"href":"https:\/\/tutima.com\/de\/wp-json\/wp\/v2\/comments?post=1312"}],"version-history":[{"count":0,"href":"https:\/\/tutima.com\/de\/wp-json\/wp\/v2\/pages\/1312\/revisions"}],"up":[{"embeddable":true,"href":"https:\/\/tutima.com\/de\/wp-json\/wp\/v2\/pages\/1300"}],"wp:featuredmedia":[{"embeddable":true,"href":"https:\/\/tutima.com\/de\/wp-json\/wp\/v2\/media\/4806"}],"wp:attachment":[{"href":"https:\/\/tutima.com\/de\/wp-json\/wp\/v2\/media?parent=1312"}],"curies":[{"name":"wp","href":"https:\/\/api.w.org\/{rel}","templated":true}]}}