{"id":1315,"date":"2014-10-16T13:23:31","date_gmt":"2014-10-16T11:23:31","guid":{"rendered":"https:\/\/tutima.com\/?page_id=1315"},"modified":"2014-10-16T13:23:31","modified_gmt":"2014-10-16T11:23:31","slug":"die-wurzeln-der-perfektion","status":"publish","type":"page","link":"https:\/\/tutima.com\/de\/glashutte\/die-wurzeln-der-perfektion\/","title":{"rendered":"Die Wurzeln der Perfektion"},"content":{"rendered":"<p>Die Anf\u00e4nge der Uhrmacherei in Glash\u00fctte liegen tief verwurzelt in der Abgeschiedenheit des \u00f6stlichen Erzgebirges. Die Uhrmacher mussten fast alle Teile ihrer Uhren selbst fertigen. Viele von ihnen arbeiteten zudem selbst\u00e4ndig. Erst Dr. Ernst Kurtz f\u00fchrte die \u00fcber das M\u00fcglitztal verstreut arbeitenden Einzelk\u00e4mpfer Ende der 1920er Jahre unter dem Dach einer Manufaktur zusammen und entwickelte moderne Arbeitsstrukturen. <!--more--><\/p>\n<p>Es ist dieser Geist, der unsere Philosophie und Arbeitsweise schon in Zeiten der UFAG gepr\u00e4gt hat \u2013 und es bis heute tut. Auch heute entwerfen und entwickeln wir Uhrwerke selbst, beispielsweise unser Kaliber 617. Das klassische Werk besteht aus 166 Einzelteilen von h\u00f6chster Qualit\u00e4t, auf CNC-Werkzeugmaschinen gefertigt und traditionell von Hand finissiert. Die Komponenten Federhaus, R\u00e4derwerk und Schwingsystem finden auch in der Minutenrepetition Verwendung. <\/p>\n","protected":false},"excerpt":{"rendered":"<p>Die Anf\u00e4nge der Uhrmacherei in Glash\u00fctte liegen tief verwurzelt in der Abgeschiedenheit des \u00f6stlichen Erzgebirges. Die Uhrmacher mussten fast alle Teile ihrer Uhren selbst fertigen. Viele von ihnen arbeiteten zudem selbst\u00e4ndig. Erst Dr. Ernst Kurtz f\u00fchrte die \u00fcber das M\u00fcglitztal verstreut arbeitenden Einzelk\u00e4mpfer Ende der 1920er Jahre unter dem Dach einer Manufaktur zusammen und entwickelte..<\/p>\n","protected":false},"author":2,"featured_media":3012,"parent":1300,"menu_order":5,"comment_status":"open","ping_status":"closed","template":"","meta":{"_acf_changed":false,"footnotes":""},"class_list":["post-1315","page","type-page","status-publish","has-post-thumbnail","hentry"],"acf":[],"_links":{"self":[{"href":"https:\/\/tutima.com\/de\/wp-json\/wp\/v2\/pages\/1315","targetHints":{"allow":["GET"]}}],"collection":[{"href":"https:\/\/tutima.com\/de\/wp-json\/wp\/v2\/pages"}],"about":[{"href":"https:\/\/tutima.com\/de\/wp-json\/wp\/v2\/types\/page"}],"author":[{"embeddable":true,"href":"https:\/\/tutima.com\/de\/wp-json\/wp\/v2\/users\/2"}],"replies":[{"embeddable":true,"href":"https:\/\/tutima.com\/de\/wp-json\/wp\/v2\/comments?post=1315"}],"version-history":[{"count":1,"href":"https:\/\/tutima.com\/de\/wp-json\/wp\/v2\/pages\/1315\/revisions"}],"predecessor-version":[{"id":25814,"href":"https:\/\/tutima.com\/de\/wp-json\/wp\/v2\/pages\/1315\/revisions\/25814"}],"up":[{"embeddable":true,"href":"https:\/\/tutima.com\/de\/wp-json\/wp\/v2\/pages\/1300"}],"wp:featuredmedia":[{"embeddable":true,"href":"https:\/\/tutima.com\/de\/wp-json\/wp\/v2\/media\/3012"}],"wp:attachment":[{"href":"https:\/\/tutima.com\/de\/wp-json\/wp\/v2\/media?parent=1315"}],"curies":[{"name":"wp","href":"https:\/\/api.w.org\/{rel}","templated":true}]}}