{"id":7872,"date":"2018-02-21T11:52:51","date_gmt":"2018-02-21T03:52:51","guid":{"rendered":"https:\/\/tutima.com\/de\/?page_id=7872"},"modified":"2025-01-24T23:49:57","modified_gmt":"2025-01-24T15:49:57","slug":"impressum","status":"publish","type":"page","link":"https:\/\/tutima.com\/de\/impressum\/","title":{"rendered":"Impressum"},"content":{"rendered":"<h4> TUTIMA Glash\u00fctte GmbH &#038; Co. KG<\/h4>\n<p>Altenberger Stra\u00dfe 6<br \/>\n01768 Glash\u00fctte\/Sa.<br \/>\nGermany<br \/>\nFon: +49 35053 320 20<br \/>\nFax: +49 35053 320 222<br \/>\nEmail: <script type=\"text\/javascript\" language=\"javascript\">var part1 = \"info\";var part2 = \"tutima.com\";document.write(part1 + '@' + part2);<\/script><\/p>\n<p>Vertretungsberechtigter<br \/>\nGesch\u00e4ftsf\u00fchrer: Matthias Stotz<br \/>\nRegistergericht: Amtsgericht Dresden HRA 12151<br \/>\nUST-ID nach \u00a727a Umsatzsteuergesetz: DE450345894<br \/>\nInhaltlich Verantwortlicher nach \u00a75 TMG und \u00a755 RStV: Matthias Stotz<br \/>\nPers\u00f6nlich haftende Gesellschaft: TUTIMA Glash\u00fctte Verwaltungs GmbH, Sitz Glash\u00fctte, Amtsgericht Dresden HRB 46008<\/p>\n<p>\u00a9 Copyright Tutima Uhrenfabrik GmbH. Alle Rechte vorbehalten. Marken und Modelle Tutima sind international gesch\u00fctzt. Modell- und technische \u00c4nderungen sowie Irrt\u00fcmer vorbehalten.<\/p>\n<p>Der Inhalt dieser Website darf nicht kopiert, verbreitet, ver\u00e4ndert oder Dritten zug\u00e4nglich gemacht werden. Wir weisen daraufhin,\u00a0dass auf den Websites enthaltene Bilder teilweise dem Urheberrecht Dritter unterliegen.<\/p>\n<h4>Hinweis: Tutima Uhren ausschlie\u00dflich von autorisierten Tutima H\u00e4ndlern<\/h4>\n<p>Die Echtheit jeder Tutima Uhr abzusichern hat h\u00f6chste Priorit\u00e4t. Deshalb kann der Weg jeder einzelnen Tutima Uhr verfolgt werden: Von ihrer Produktion \u00fcber den Vertrieb durch offizielle Konzession\u00e4re bis zur \u00dcbergabe an den endg\u00fcltigen Besitzer. Um den Erwerb von F\u00e4lschungen oder Produkten mit zweifelhafter Herkunft auszuschlie\u00dfen, empfehlen wir ausschlie\u00dflich bei autorisierten Tutima H\u00e4ndlern zu kaufen. Tutima-K\u00e4ufe aus nicht-autorisierten Quellen unterliegen nicht dem internationalen Tutima Garantie-Service. Marken und Modelle von Tutima sind Exklusiv-Eigentum der Tutima Uhrenfabrik GmbH. Sachdienliche Hinweise zu angebotenen F\u00e4lschungen sind willkommen.<\/p>\n<h4>1. Haftungsbeschr\u00e4nkung<\/h4>\n<p>Die Inhalte dieser Website werden mit gr\u00f6\u00dftm\u00f6glicher Sorgfalt erstellt. Der Anbieter \u00fcbernimmt jedoch keine Gew\u00e4hr f\u00fcr die Richtigkeit, Vollst\u00e4ndigkeit und Aktualit\u00e4t der bereit gestellten Inhalte. Die Nutzung der Inhalte der Website erfolgt auf eigene Gefahr des Nutzers. Namentlich gekennzeichnete Beitr\u00e4ge geben die Meinung des jeweiligen Autors und nicht immer die Meinung des Anbieters wieder. Mit der reinen Nutzung der Website des Anbieters kommt keinerlei Vertragsverh\u00e4ltnis zwischen dem Nutzer und dem Anbieter zustande.<\/p>\n<h4>2. Externe Links<\/h4>\n<p>Diese Website enth\u00e4lt Verkn\u00fcpfungen zu Websites Dritter (\u201cexterne Links\u201d). Diese Websites unterliegen der Haftung der jeweiligen Betreiber. Der Anbieter hat bei der erstmaligen Verkn\u00fcpfung der externen Links die fremden Inhalte daraufhin \u00fcberpr\u00fcft, ob etwaige Rechtsverst\u00f6\u00dfe bestehen. Zu dem Zeitpunkt waren keine Rechtsverst\u00f6\u00dfe ersichtlich. Der Anbieter hat keinerlei Einfluss auf die aktuelle und zuk\u00fcnftige Gestaltung und auf die Inhalte der verkn\u00fcpften Seiten. Das Setzen von externen Links bedeutet nicht, dass sich der Anbieter die hinter dem Verweis oder Link liegenden Inhalte zu Eigen macht. Eine st\u00e4ndige Kontrolle der externen Links ist f\u00fcr den Anbieter ohne konkrete Hinweise auf Rechtsverst\u00f6\u00dfe nicht zumutbar. Bei Kenntnis von Rechtsverst\u00f6\u00dfen werden jedoch derartige externe Links unverz\u00fcglich gel\u00f6scht.<\/p>\n<h4>3. Urheberrecht<\/h4>\n<p>Die durch die Seitenbetreiber erstellten Inhalte und Werke auf diesen Seiten unterliegen dem deutschen Urheberrecht. Die Vervielf\u00e4ltigung, Bearbeitung, Verbreitung und jede Art der Verwertung au\u00dferhalb der Grenzen des Urheberrechtes bed\u00fcrfen der schriftlichen Zustimmung des jeweiligen Autors bzw. Erstellers. Downloads und Kopien dieser Seite sind nur f\u00fcr den privaten, nicht kommerziellen Gebrauch gestattet. Soweit die Inhalte auf dieser Seite nicht vom Betreiber erstellt wurden, werden die Urheberrechte Dritter beachtet. Insbesondere werden Inhalte Dritter als solche gekennzeichnet. Sollten Sie trotzdem auf eine Urheberrechtsverletzung aufmerksam werden, bitten wir um einen entsprechenden Hinweis. Bei Bekanntwerden von Rechtsverletzungen werden wir derartige Inhalte umgehend entfernen.<br \/>\nTutima ist eine eingetragene Marke. Eine Darstellung der Marke \u2013 gleich in welcher Form \u2013 darf ausschlie\u00dflich nur nach schriftlicher Genehmigung der Markenrechtsinhaber, namentlich der TUTIMA UHRENFABRIK GMBH, erfolgen.<\/p>\n<p>Der Nutzung von im Rahmen der Impressumspflicht ver\u00f6ffentlichten Kontaktdaten durch Dritte zur \u00dcbersendung von nicht ausdr\u00fccklich angeforderter Werbung und Informationsmaterialien wird hiermit ausdr\u00fccklich widersprochen. Die Betreiber der Seiten behalten sich ausdr\u00fccklich rechtliche Schritte im Falle der unverlangten Zusendung von Werbeinformationen, etwa durch Spam-Mails, vor.<\/p>\n","protected":false},"excerpt":{"rendered":"<p>TUTIMA Glash\u00fctte GmbH &#038; Co. KG Altenberger Stra\u00dfe 6 01768 Glash\u00fctte\/Sa. Germany Fon: +49 35053 320 20 Fax: +49 35053 320 222 Email: Vertretungsberechtigter Gesch\u00e4ftsf\u00fchrer: Matthias Stotz Registergericht: Amtsgericht Dresden HRA 12151 UST-ID nach \u00a727a Umsatzsteuergesetz: DE450345894 Inhaltlich Verantwortlicher nach \u00a75 TMG und \u00a755 RStV: Matthias Stotz Pers\u00f6nlich haftende Gesellschaft: TUTIMA Glash\u00fctte Verwaltungs GmbH, Sitz..<\/p>\n","protected":false},"author":2,"featured_media":0,"parent":0,"menu_order":0,"comment_status":"closed","ping_status":"closed","template":"plain.php","meta":{"_acf_changed":false,"footnotes":""},"class_list":["post-7872","page","type-page","status-publish","hentry"],"acf":[],"_links":{"self":[{"href":"https:\/\/tutima.com\/de\/wp-json\/wp\/v2\/pages\/7872","targetHints":{"allow":["GET"]}}],"collection":[{"href":"https:\/\/tutima.com\/de\/wp-json\/wp\/v2\/pages"}],"about":[{"href":"https:\/\/tutima.com\/de\/wp-json\/wp\/v2\/types\/page"}],"author":[{"embeddable":true,"href":"https:\/\/tutima.com\/de\/wp-json\/wp\/v2\/users\/2"}],"replies":[{"embeddable":true,"href":"https:\/\/tutima.com\/de\/wp-json\/wp\/v2\/comments?post=7872"}],"version-history":[{"count":3,"href":"https:\/\/tutima.com\/de\/wp-json\/wp\/v2\/pages\/7872\/revisions"}],"predecessor-version":[{"id":37834,"href":"https:\/\/tutima.com\/de\/wp-json\/wp\/v2\/pages\/7872\/revisions\/37834"}],"wp:attachment":[{"href":"https:\/\/tutima.com\/de\/wp-json\/wp\/v2\/media?parent=7872"}],"curies":[{"name":"wp","href":"https:\/\/api.w.org\/{rel}","templated":true}]}}