{"id":7874,"date":"2018-02-21T11:54:58","date_gmt":"2018-02-21T10:54:58","guid":{"rendered":"https:\/\/tutima.com\/de\/?page_id=7874"},"modified":"2019-11-19T23:22:35","modified_gmt":"2019-11-19T15:22:35","slug":"faq","status":"publish","type":"page","link":"https:\/\/tutima.com\/de\/faq\/","title":{"rendered":"FAQ"},"content":{"rendered":"<p><strong>Wo sind die Tutima Uhren erh\u00e4ltlich?<\/strong><br \/>\nFinden Sie Ihren n\u00e4chstgelegenen Tutima Konzession\u00e4r <a href=\"https:\/\/tutima.com\/de\/retailers\/\" title=\"hier\">hier<\/a>.<\/p>\n<p><strong>Wo und wie erhalte ich den neuen Tutima-Katalog?<\/strong><br \/>\nGern k\u00f6nnen Sie unseren neuen Katalog mit dem <a href=\"https:\/\/tutima.com\/de\/kontakt\/\" title=\"Kontaktformular\">Kontaktformular<\/a> und Angabe Ihrer Adresse bei uns bestellen.<\/p>\n<p><strong>An wen wende ich mich, wenn f\u00fcr meine Tutima-Uhr ein Service erforderlich ist?<\/strong><br \/>\nBitte wenden Sie sich an Ihren Tutima Konzession\u00e4r. Bei Bedarf sendet dieser Ihre Uhr zum Service ans Werk.<\/p>\n","protected":false},"excerpt":{"rendered":"<p>Wo sind die Tutima Uhren erh\u00e4ltlich? Finden Sie Ihren n\u00e4chstgelegenen Tutima Konzession\u00e4r hier. Wo und wie erhalte ich den neuen Tutima-Katalog? Gern k\u00f6nnen Sie unseren neuen Katalog mit dem Kontaktformular und Angabe Ihrer Adresse bei uns bestellen. An wen wende ich mich, wenn f\u00fcr meine Tutima-Uhr ein Service erforderlich ist? Bitte wenden Sie sich an..<\/p>\n","protected":false},"author":2,"featured_media":0,"parent":0,"menu_order":0,"comment_status":"closed","ping_status":"closed","template":"plain.php","meta":{"_acf_changed":false,"footnotes":""},"class_list":["post-7874","page","type-page","status-publish","hentry"],"acf":[],"_links":{"self":[{"href":"https:\/\/tutima.com\/de\/wp-json\/wp\/v2\/pages\/7874","targetHints":{"allow":["GET"]}}],"collection":[{"href":"https:\/\/tutima.com\/de\/wp-json\/wp\/v2\/pages"}],"about":[{"href":"https:\/\/tutima.com\/de\/wp-json\/wp\/v2\/types\/page"}],"author":[{"embeddable":true,"href":"https:\/\/tutima.com\/de\/wp-json\/wp\/v2\/users\/2"}],"replies":[{"embeddable":true,"href":"https:\/\/tutima.com\/de\/wp-json\/wp\/v2\/comments?post=7874"}],"version-history":[{"count":3,"href":"https:\/\/tutima.com\/de\/wp-json\/wp\/v2\/pages\/7874\/revisions"}],"predecessor-version":[{"id":36393,"href":"https:\/\/tutima.com\/de\/wp-json\/wp\/v2\/pages\/7874\/revisions\/36393"}],"wp:attachment":[{"href":"https:\/\/tutima.com\/de\/wp-json\/wp\/v2\/media?parent=7874"}],"curies":[{"name":"wp","href":"https:\/\/api.w.org\/{rel}","templated":true}]}}