{"id":36406,"date":"2014-10-16T13:17:31","date_gmt":"2014-10-16T11:17:31","guid":{"rendered":"https:\/\/tutima.com\/glashutte\/"},"modified":"2023-06-19T17:25:19","modified_gmt":"2023-06-19T09:25:19","slug":"glashutte","status":"publish","type":"page","link":"https:\/\/tutima.com\/it\/glashutte\/","title":{"rendered":"Glash\u00fctte"},"content":{"rendered":"<h2>Un nuovo inizio&#8230;<\/h2>\n<p>&nbsp;<\/p>\n<p>E nemmeno tre anni dopo, il 12 maggio 2011, Tutima presenta il Tutima HOMMAGE. Questa prima ripetizione di minuti completamente sviluppata e prodotta da Tutima a Glash\u00fctte \u00e8 un omaggio tecnico perfetto e sofisticato al fondatore della societ\u00e0, il Dr. Ernst Kurtz, che fa vibrare il cuore degli amanti degli orologi in tutto il mondo. Con il suo segnale acustico del tempo, l&#8217;HOMMAGE inaugura una nuova era nella storia dell&#8217;azienda.<\/p>\n<p>Con la Saxon One, la Grand Flieger, la M2 e la Patria, il marchio presenta al mondo nel 2013 quattro nuove famiglie di orologi, tutte con una caratteristica speciale: sono la prima collezione Tutima a essere prodotta a Glash\u00fctte dopo 68 anni. Questi orologi sono la prova che un passo indietro pu\u00f2 anche portare al futuro.<\/p>\n","protected":false},"excerpt":{"rendered":"<p>Un nuovo inizio&#8230; &nbsp; E nemmeno tre anni dopo, il 12 maggio 2011, Tutima presenta il Tutima HOMMAGE. Questa prima ripetizione di minuti completamente sviluppata e prodotta da Tutima a Glash\u00fctte \u00e8 un omaggio tecnico perfetto e sofisticato al fondatore della societ\u00e0, il Dr. Ernst Kurtz, che fa vibrare il cuore degli amanti degli orologi..<\/p>\n","protected":false},"author":2,"featured_media":0,"parent":0,"menu_order":0,"comment_status":"open","ping_status":"closed","template":"","meta":{"_acf_changed":false,"footnotes":""},"class_list":["post-36406","page","type-page","status-publish","hentry"],"acf":[],"_links":{"self":[{"href":"https:\/\/tutima.com\/it\/wp-json\/wp\/v2\/pages\/36406","targetHints":{"allow":["GET"]}}],"collection":[{"href":"https:\/\/tutima.com\/it\/wp-json\/wp\/v2\/pages"}],"about":[{"href":"https:\/\/tutima.com\/it\/wp-json\/wp\/v2\/types\/page"}],"author":[{"embeddable":true,"href":"https:\/\/tutima.com\/it\/wp-json\/wp\/v2\/users\/2"}],"replies":[{"embeddable":true,"href":"https:\/\/tutima.com\/it\/wp-json\/wp\/v2\/comments?post=36406"}],"version-history":[{"count":2,"href":"https:\/\/tutima.com\/it\/wp-json\/wp\/v2\/pages\/36406\/revisions"}],"predecessor-version":[{"id":36449,"href":"https:\/\/tutima.com\/it\/wp-json\/wp\/v2\/pages\/36406\/revisions\/36449"}],"wp:attachment":[{"href":"https:\/\/tutima.com\/it\/wp-json\/wp\/v2\/media?parent=36406"}],"curies":[{"name":"wp","href":"https:\/\/api.w.org\/{rel}","templated":true}]}}