{"id":36411,"date":"2014-10-16T13:22:20","date_gmt":"2014-10-16T11:22:20","guid":{"rendered":"https:\/\/tutima.com\/glashutte\/die-geburt-einer-marke\/"},"modified":"2023-06-19T17:24:50","modified_gmt":"2023-06-19T09:24:50","slug":"die-geburt-einer-marke","status":"publish","type":"page","link":"https:\/\/tutima.com\/it\/glashutte\/die-geburt-einer-marke\/","title":{"rendered":"La nascita di un marchio"},"content":{"rendered":"<p>Siamo nell&#8217;anno 1927. In tutta Europa si respira un&#8217;aria di cambiamento. Innumerevoli innovazioni tecniche, nuove forme d&#8217;arte come il cinema e la fotografia, musica rivoluzionaria come il jazz, rendono questo decennio le Golden Twenties. <!--more--><\/p>\n<p>Anche a Glash\u00fctte, una citt\u00e0 di rilievo mondiale per la sua lunga tradizione orologiera sin dal 19\u00b0 secolo, si pu\u00f2 percepire l&#8217;ottimismo per il futuro. E cos\u00ec, in piena crisi, nascono due aziende: la Uhren-Rohwerke-Fabrik Glash\u00fctte AG, UROFA, e la Uhrenfabrik Glash\u00fctte AG, o UFAG. Entrambe sono guidate dal Dr. Ernst Kurtz, un avvocato che capisce rapidamente che il futuro appartiene non tanto all&#8217;orologio da tasca, allora molto diffuso, quanto all&#8217;orologio da polso. I suoi migliori modelli non hanno nulla da invidiare alle marche svizzere. Grazie alla loro particolare resistenza e durata, ricevono il titolo di &#8220;Tutima&#8221;, derivato dal termine latino per &#8220;sicuro&#8221;. Nasce un marchio.<\/p>\n","protected":false},"excerpt":{"rendered":"<p>Siamo nell&#8217;anno 1927. In tutta Europa si respira un&#8217;aria di cambiamento. Innumerevoli innovazioni tecniche, nuove forme d&#8217;arte come il cinema e la fotografia, musica rivoluzionaria come il jazz, rendono questo decennio le Golden Twenties.<\/p>\n","protected":false},"author":2,"featured_media":34567,"parent":36406,"menu_order":1,"comment_status":"open","ping_status":"closed","template":"","meta":{"_acf_changed":false,"footnotes":""},"class_list":["post-36411","page","type-page","status-publish","has-post-thumbnail","hentry"],"acf":[],"_links":{"self":[{"href":"https:\/\/tutima.com\/it\/wp-json\/wp\/v2\/pages\/36411","targetHints":{"allow":["GET"]}}],"collection":[{"href":"https:\/\/tutima.com\/it\/wp-json\/wp\/v2\/pages"}],"about":[{"href":"https:\/\/tutima.com\/it\/wp-json\/wp\/v2\/types\/page"}],"author":[{"embeddable":true,"href":"https:\/\/tutima.com\/it\/wp-json\/wp\/v2\/users\/2"}],"replies":[{"embeddable":true,"href":"https:\/\/tutima.com\/it\/wp-json\/wp\/v2\/comments?post=36411"}],"version-history":[{"count":3,"href":"https:\/\/tutima.com\/it\/wp-json\/wp\/v2\/pages\/36411\/revisions"}],"predecessor-version":[{"id":36456,"href":"https:\/\/tutima.com\/it\/wp-json\/wp\/v2\/pages\/36411\/revisions\/36456"}],"up":[{"embeddable":true,"href":"https:\/\/tutima.com\/it\/wp-json\/wp\/v2\/pages\/36406"}],"wp:featuredmedia":[{"embeddable":true,"href":"https:\/\/tutima.com\/it\/wp-json\/wp\/v2\/media\/34567"}],"wp:attachment":[{"href":"https:\/\/tutima.com\/it\/wp-json\/wp\/v2\/media?parent=36411"}],"curies":[{"name":"wp","href":"https:\/\/api.w.org\/{rel}","templated":true}]}}