{"id":36414,"date":"2014-10-16T13:23:09","date_gmt":"2014-10-16T11:23:09","guid":{"rendered":"https:\/\/tutima.com\/glashutte\/der-kreis-beginnt-sich-zu-schliessen\/"},"modified":"2023-06-19T17:25:57","modified_gmt":"2023-06-19T09:25:57","slug":"der-kreis-beginnt-sich-zu-schliessen","status":"publish","type":"page","link":"https:\/\/tutima.com\/it\/glashutte\/der-kreis-beginnt-sich-zu-schliessen\/","title":{"rendered":"Il cerchio comincia a chiudersi"},"content":{"rendered":"<p>Quando cade la Cortina di Ferro e la Germania si riunisce dopo decenni di separazione, Dieter Delecate inizia a pianificare il ritorno a Glash\u00fctte. Ma a differenza di altri marchi tradizionali sassoni, Tutima \u00e8 gi\u00e0 ben stabilita nella sua patria occidentale. Un trasferimento veloce non \u00e8 quindi un&#8217;opzione. E cos\u00ec la nuova fabbrica a Glash\u00fctte nasce in parallelo alla sede di Ganderkesee, dove viene creato un altro traguardo, la Grand Classic Alpha, nel 2008. <!--more--><\/p>\n<p>Allo stesso tempo, nella vecchia stazione di Glash\u00fctte, vicino alla storica fabbrica, prende forma la nuova casa del marchio. Quando la nuova manifattura inizia la produzione il 14 maggio 2008, il cerchio comincia a chiudersi.<\/p>\n","protected":false},"excerpt":{"rendered":"<p>Quando cade la Cortina di Ferro e la Germania si riunisce dopo decenni di separazione, Dieter Delecate inizia a pianificare il ritorno a Glash\u00fctte. Ma a differenza di altri marchi tradizionali sassoni, Tutima \u00e8 gi\u00e0 ben stabilita nella sua patria occidentale. Un trasferimento veloce non \u00e8 quindi un&#8217;opzione. E cos\u00ec la nuova fabbrica a Glash\u00fctte..<\/p>\n","protected":false},"author":2,"featured_media":35153,"parent":36406,"menu_order":4,"comment_status":"open","ping_status":"closed","template":"","meta":{"_acf_changed":false,"footnotes":""},"class_list":["post-36414","page","type-page","status-publish","has-post-thumbnail","hentry"],"acf":[],"_links":{"self":[{"href":"https:\/\/tutima.com\/it\/wp-json\/wp\/v2\/pages\/36414","targetHints":{"allow":["GET"]}}],"collection":[{"href":"https:\/\/tutima.com\/it\/wp-json\/wp\/v2\/pages"}],"about":[{"href":"https:\/\/tutima.com\/it\/wp-json\/wp\/v2\/types\/page"}],"author":[{"embeddable":true,"href":"https:\/\/tutima.com\/it\/wp-json\/wp\/v2\/users\/2"}],"replies":[{"embeddable":true,"href":"https:\/\/tutima.com\/it\/wp-json\/wp\/v2\/comments?post=36414"}],"version-history":[{"count":3,"href":"https:\/\/tutima.com\/it\/wp-json\/wp\/v2\/pages\/36414\/revisions"}],"predecessor-version":[{"id":36457,"href":"https:\/\/tutima.com\/it\/wp-json\/wp\/v2\/pages\/36414\/revisions\/36457"}],"up":[{"embeddable":true,"href":"https:\/\/tutima.com\/it\/wp-json\/wp\/v2\/pages\/36406"}],"wp:featuredmedia":[{"embeddable":true,"href":"https:\/\/tutima.com\/it\/wp-json\/wp\/v2\/media\/35153"}],"wp:attachment":[{"href":"https:\/\/tutima.com\/it\/wp-json\/wp\/v2\/media?parent=36414"}],"curies":[{"name":"wp","href":"https:\/\/api.w.org\/{rel}","templated":true}]}}