{"id":36416,"date":"2014-10-16T13:23:53","date_gmt":"2014-10-16T11:23:53","guid":{"rendered":"https:\/\/tutima.com\/glashutte\/glashutte-child-6zeit-braucht-zeit\/"},"modified":"2023-06-19T17:24:22","modified_gmt":"2023-06-19T09:24:22","slug":"glashutte-child-6zeit-braucht-zeit","status":"publish","type":"page","link":"https:\/\/tutima.com\/it\/glashutte\/glashutte-child-6zeit-braucht-zeit\/","title":{"rendered":"Il tempo ha bisogno di tempo"},"content":{"rendered":"<p>Sulla strada verso il successo non ci sono scorciatoie. E cos\u00ec la creazione di un complicato cronometro richiede soprattutto una cosa: tempo. Pu\u00f2 volerci da due a tre anni perch\u00e9 un orologio diventi un Tutima perfetto. <!--more--><\/p>\n<p>Solo a questa dedizione e pazienza senza limiti dobbiamo la realizzazione di movimenti speciali come il calibro del cronografo Tutima 521. \u00c8 basato sul calibro ETA Valjoux 7750 e sostituisce il calibro svizzero Lemania 5100.<\/p>\n<p>La sfida di questa trasformazione era che doveva funzionare in modo assolutamente affidabile e doveva essere realizzata in uno spazio molto piccolo. Il risultato \u00e8 una costruzione maestosa che abbiamo depositato per il brevetto.<\/p>\n","protected":false},"excerpt":{"rendered":"<p>Sulla strada verso il successo non ci sono scorciatoie. E cos\u00ec la creazione di un complicato cronometro richiede soprattutto una cosa: tempo. Pu\u00f2 volerci da due a tre anni perch\u00e9 un orologio diventi un Tutima perfetto.<\/p>\n","protected":false},"author":2,"featured_media":34581,"parent":36406,"menu_order":6,"comment_status":"open","ping_status":"closed","template":"","meta":{"_acf_changed":false,"footnotes":""},"class_list":["post-36416","page","type-page","status-publish","has-post-thumbnail","hentry"],"acf":[],"_links":{"self":[{"href":"https:\/\/tutima.com\/it\/wp-json\/wp\/v2\/pages\/36416","targetHints":{"allow":["GET"]}}],"collection":[{"href":"https:\/\/tutima.com\/it\/wp-json\/wp\/v2\/pages"}],"about":[{"href":"https:\/\/tutima.com\/it\/wp-json\/wp\/v2\/types\/page"}],"author":[{"embeddable":true,"href":"https:\/\/tutima.com\/it\/wp-json\/wp\/v2\/users\/2"}],"replies":[{"embeddable":true,"href":"https:\/\/tutima.com\/it\/wp-json\/wp\/v2\/comments?post=36416"}],"version-history":[{"count":3,"href":"https:\/\/tutima.com\/it\/wp-json\/wp\/v2\/pages\/36416\/revisions"}],"predecessor-version":[{"id":36454,"href":"https:\/\/tutima.com\/it\/wp-json\/wp\/v2\/pages\/36416\/revisions\/36454"}],"up":[{"embeddable":true,"href":"https:\/\/tutima.com\/it\/wp-json\/wp\/v2\/pages\/36406"}],"wp:featuredmedia":[{"embeddable":true,"href":"https:\/\/tutima.com\/it\/wp-json\/wp\/v2\/media\/34581"}],"wp:attachment":[{"href":"https:\/\/tutima.com\/it\/wp-json\/wp\/v2\/media?parent=36416"}],"curies":[{"name":"wp","href":"https:\/\/api.w.org\/{rel}","templated":true}]}}